{"id":819,"date":"2023-11-03T11:55:53","date_gmt":"2023-11-03T10:55:53","guid":{"rendered":"https:\/\/mpicopper.com\/?page_id=819"},"modified":"2023-11-03T16:52:23","modified_gmt":"2023-11-03T15:52:23","slug":"news","status":"publish","type":"page","link":"https:\/\/mpicopper.com\/sq\/news\/","title":{"rendered":"lajm"},"content":{"rendered":"<div data-elementor-type=\"wp-page\" data-elementor-id=\"819\" class=\"elementor elementor-819\" data-elementor-post-type=\"page\">\n\t\t\t\t\t\t\t<div class=\"elementor-element elementor-element-fb6fc50 e-flex e-con-boxed e-con e-parent\" data-id=\"fb6fc50\" data-element_type=\"container\" data-settings=\"{&quot;background_background&quot;:&quot;classic&quot;,&quot;content_width&quot;:&quot;boxed&quot;}\" data-core-v316-plus=\"true\">\n\t\t\t\t\t<div class=\"e-con-inner\">\n\t\t<div class=\"elementor-element elementor-element-a1d7b1e e-con-full e-flex e-con e-child\" data-id=\"a1d7b1e\" data-element_type=\"container\" data-settings=\"{&quot;background_background&quot;:&quot;classic&quot;,&quot;content_width&quot;:&quot;full&quot;}\">\n\t\t\t\t<div class=\"elementor-element elementor-element-a3d871f elementor-widget elementor-widget-jkit_post_title\" data-id=\"a3d871f\" data-element_type=\"widget\" data-widget_type=\"jkit_post_title.default\">\n\t\t\t\t<div class=\"elementor-widget-container\">\n\t\t\t<div  class=\"jeg-elementor-kit jkit-post-title jeg_module___69f757b464912\" ><h2 class=\"post-title style-color\">lajm<\/h2><\/div>\t\t<\/div>\n\t\t\t\t<\/div>\n\t\t\t\t<\/div>\n\t\t\t\t\t<\/div>\n\t\t\t\t<\/div>\n\t\t<div class=\"elementor-element elementor-element-3ed5a79 e-flex e-con-boxed e-con e-parent\" data-id=\"3ed5a79\" data-element_type=\"container\" data-settings=\"{&quot;content_width&quot;:&quot;boxed&quot;}\" data-core-v316-plus=\"true\">\n\t\t\t\t\t<div class=\"e-con-inner\">\n\t\t<div class=\"elementor-element elementor-element-783c035 e-con-full e-flex e-con e-child\" data-id=\"783c035\" data-element_type=\"container\" data-settings=\"{&quot;content_width&quot;:&quot;full&quot;}\">\n\t\t\t\t<div class=\"elementor-element elementor-element-cdf9d6f elementor-widget elementor-widget-jkit_image_box\" data-id=\"cdf9d6f\" data-element_type=\"widget\" data-widget_type=\"jkit_image_box.default\">\n\t\t\t\t<div class=\"elementor-widget-container\">\n\t\t\t<div  class=\"jeg-elementor-kit jkit-image-box style-floating elementor-animation- jeg_module__1_69f757b46df41\" ><div class=\"image-box-header elementor-animation-\"><img decoding=\"async\" src=\"https:\/\/mpicopper.com\/wp-content\/uploads\/2023\/11\/BEC07333-768x512.jpg\" ><\/div><div class=\"image-box-body\">\n            <div class=\"body-inner\"><h2 class=\"body-title icon-position-before\">Hapja e kompanis\u00eb<\/h2>\n                <div class=\"body-description\"><p>Jemi t\u00eb k\u00ebnaqur t\u00eb njoftojm\u00eb hapjen e suksesshme t\u00eb MULTIPARK IZAIRI.<\/p><\/div>\n                <div class=\"body-button\"><div class=\"button-box icon-position-after\"><div class=\"button-wrapper\"><a href=\"\"  >M\u00ebsoni m\u00eb shum\u00eb<i aria-hidden=\"true\" class=\"jki jki-right-arrow1-light\"><\/i><\/a><\/div><\/div><\/div>\n                \n            <\/div>\n        <\/div><\/div>\t\t<\/div>\n\t\t\t\t<\/div>\n\t\t\t\t<\/div>\n\t\t<div class=\"elementor-element elementor-element-d936ff3 e-con-full e-flex e-con e-child\" data-id=\"d936ff3\" data-element_type=\"container\" data-settings=\"{&quot;content_width&quot;:&quot;full&quot;}\">\n\t\t\t\t<\/div>\n\t\t<div class=\"elementor-element elementor-element-04e17f4 e-con-full e-flex e-con e-child\" data-id=\"04e17f4\" data-element_type=\"container\" data-settings=\"{&quot;content_width&quot;:&quot;full&quot;}\">\n\t\t\t\t<\/div>\n\t\t<div class=\"elementor-element elementor-element-33f8cdd e-con-full e-flex e-con e-child\" data-id=\"33f8cdd\" data-element_type=\"container\" data-settings=\"{&quot;content_width&quot;:&quot;full&quot;}\">\n\t\t\t\t<\/div>\n\t\t<div class=\"elementor-element elementor-element-faff859 e-con-full e-flex e-con e-child\" data-id=\"faff859\" data-element_type=\"container\" data-settings=\"{&quot;content_width&quot;:&quot;full&quot;}\">\n\t\t\t\t<\/div>\n\t\t<div class=\"elementor-element elementor-element-5ddded2 e-con-full e-flex e-con e-child\" data-id=\"5ddded2\" data-element_type=\"container\" data-settings=\"{&quot;content_width&quot;:&quot;full&quot;}\">\n\t\t\t\t<\/div>\n\t\t\t\t\t<\/div>\n\t\t\t\t<\/div>\n\t\t\t\t\t\t\t<\/div>","protected":false},"excerpt":{"rendered":"<p>News Die Firmener\u00f6ffnung Wir freuen uns, die erfolgreiche Er\u00f6ffnung von MULTIPARK IZAIRI ank\u00fcndigen zu k\u00f6nnen. Mehr erfahren<\/p>","protected":false},"author":1,"featured_media":0,"parent":0,"menu_order":0,"comment_status":"closed","ping_status":"closed","template":"","meta":{"site-sidebar-layout":"no-sidebar","site-content-layout":"","ast-site-content-layout":"full-width-container","site-content-style":"default","site-sidebar-style":"default","ast-global-header-display":"","ast-banner-title-visibility":"","ast-main-header-display":"","ast-hfb-above-header-display":"","ast-hfb-below-header-display":"","ast-hfb-mobile-header-display":"","site-post-title":"disabled","ast-breadcrumbs-content":"","ast-featured-img":"disabled","footer-sml-layout":"","theme-transparent-header-meta":"","adv-header-id-meta":"","stick-header-meta":"","header-above-stick-meta":"","header-main-stick-meta":"","header-below-stick-meta":"","astra-migrate-meta-layouts":"","ast-page-background-enabled":"default","ast-page-background-meta":{"desktop":{"background-color":"var(--ast-global-color-4)","background-image":"","background-repeat":"repeat","background-position":"center center","background-size":"auto","background-attachment":"scroll","background-type":"","background-media":"","overlay-type":"","overlay-color":"","overlay-gradient":""},"tablet":{"background-color":"","background-image":"","background-repeat":"repeat","background-position":"center center","background-size":"auto","background-attachment":"scroll","background-type":"","background-media":"","overlay-type":"","overlay-color":"","overlay-gradient":""},"mobile":{"background-color":"","background-image":"","background-repeat":"repeat","background-position":"center center","background-size":"auto","background-attachment":"scroll","background-type":"","background-media":"","overlay-type":"","overlay-color":"","overlay-gradient":""}},"ast-content-background-meta":{"desktop":{"background-color":"var(--ast-global-color-5)","background-image":"","background-repeat":"repeat","background-position":"center center","background-size":"auto","background-attachment":"scroll","background-type":"","background-media":"","overlay-type":"","overlay-color":"","overlay-gradient":""},"tablet":{"background-color":"var(--ast-global-color-5)","background-image":"","background-repeat":"repeat","background-position":"center center","background-size":"auto","background-attachment":"scroll","background-type":"","background-media":"","overlay-type":"","overlay-color":"","overlay-gradient":""},"mobile":{"background-color":"var(--ast-global-color-5)","background-image":"","background-repeat":"repeat","background-position":"center center","background-size":"auto","background-attachment":"scroll","background-type":"","background-media":"","overlay-type":"","overlay-color":"","overlay-gradient":""}},"footnotes":""},"class_list":["post-819","page","type-page","status-publish","hentry"],"_links":{"self":[{"href":"https:\/\/mpicopper.com\/sq\/wp-json\/wp\/v2\/pages\/819","targetHints":{"allow":["GET"]}}],"collection":[{"href":"https:\/\/mpicopper.com\/sq\/wp-json\/wp\/v2\/pages"}],"about":[{"href":"https:\/\/mpicopper.com\/sq\/wp-json\/wp\/v2\/types\/page"}],"author":[{"embeddable":true,"href":"https:\/\/mpicopper.com\/sq\/wp-json\/wp\/v2\/users\/1"}],"replies":[{"embeddable":true,"href":"https:\/\/mpicopper.com\/sq\/wp-json\/wp\/v2\/comments?post=819"}],"version-history":[{"count":10,"href":"https:\/\/mpicopper.com\/sq\/wp-json\/wp\/v2\/pages\/819\/revisions"}],"predecessor-version":[{"id":945,"href":"https:\/\/mpicopper.com\/sq\/wp-json\/wp\/v2\/pages\/819\/revisions\/945"}],"wp:attachment":[{"href":"https:\/\/mpicopper.com\/sq\/wp-json\/wp\/v2\/media?parent=819"}],"curies":[{"name":"wp","href":"https:\/\/api.w.org\/{rel}","templated":true}]}}